{"id":2,"date":"2025-09-11T12:58:52","date_gmt":"2025-09-11T10:58:52","guid":{"rendered":"https:\/\/www.compagniedescimetieres.fr\/?page_id=2"},"modified":"2025-09-15T14:02:35","modified_gmt":"2025-09-15T12:02:35","slug":"accueil","status":"publish","type":"page","link":"https:\/\/www.compagniedescimetieres.fr\/en\/","title":{"rendered":"Home"},"content":{"rendered":"","protected":false},"excerpt":{"rendered":"","protected":false},"author":1,"featured_media":0,"parent":0,"menu_order":0,"comment_status":"closed","ping_status":"open","template":"page-home.php","meta":{"_acf_changed":false,"footnotes":""},"class_list":["post-2","page","type-page","status-publish","hentry"],"acf":[],"yoast_head":"<!-- This site is optimized with the Yoast SEO plugin v27.5 - https:\/\/yoast.com\/product\/yoast-seo-wordpress\/ -->\n<title>Accueil - La Compagnie des Cimeti\u00e8res<\/title>\n<meta name=\"description\" content=\"La Compagnie des Cimeti\u00e8res et ses partenaires accompagnent les collectivit\u00e9s dans la conception, la r\u00e9alisation et la pose d\u2019espaces cin\u00e9raires, de columbariums et d\u2019autres am\u00e9nagements fun\u00e9raires partout en France. Ensemble, nous garantissons la qualit\u00e9, la durabilit\u00e9 et la valorisation de votre patrimoine local.\" \/>\n<meta name=\"robots\" content=\"index, follow, max-snippet:-1, max-image-preview:large, max-video-preview:-1\" \/>\n<link rel=\"canonical\" href=\"https:\/\/www.compagniedescimetieres.fr\/en\/\" \/>\n<meta property=\"og:locale\" content=\"en_GB\" \/>\n<meta property=\"og:type\" content=\"article\" \/>\n<meta property=\"og:title\" content=\"Accueil - La Compagnie des Cimeti\u00e8res\" \/>\n<meta property=\"og:description\" content=\"La Compagnie des Cimeti\u00e8res et ses partenaires accompagnent les collectivit\u00e9s dans la conception, la r\u00e9alisation et la pose d\u2019espaces cin\u00e9raires, de columbariums et d\u2019autres am\u00e9nagements fun\u00e9raires partout en France. Ensemble, nous garantissons la qualit\u00e9, la durabilit\u00e9 et la valorisation de votre patrimoine local.\" \/>\n<meta property=\"og:url\" content=\"https:\/\/www.compagniedescimetieres.fr\/en\/\" \/>\n<meta property=\"og:site_name\" content=\"La Compagnie des Cimeti\u00e8res\" \/>\n<meta property=\"article:modified_time\" content=\"2025-09-15T12:02:35+00:00\" \/>\n<meta property=\"og:image\" content=\"https:\/\/www.compagniedescimetieres.fr\/wp-content\/uploads\/2025\/09\/image05.webp\" \/>\n\t<meta property=\"og:image:width\" content=\"1043\" \/>\n\t<meta property=\"og:image:height\" content=\"1043\" \/>\n\t<meta property=\"og:image:type\" content=\"image\/jpeg\" \/>\n<meta name=\"twitter:card\" content=\"summary_large_image\" \/>\n<meta name=\"twitter:label1\" content=\"Estimated reading time\" \/>\n\t<meta name=\"twitter:data1\" content=\"14 minutes\" \/>\n<script type=\"application\/ld+json\" class=\"yoast-schema-graph\">{\"@context\":\"https:\\\/\\\/schema.org\",\"@graph\":[{\"@type\":\"WebPage\",\"@id\":\"https:\\\/\\\/www.compagniedescimetieres.fr\\\/\",\"url\":\"https:\\\/\\\/www.compagniedescimetieres.fr\\\/\",\"name\":\"Accueil - La Compagnie des Cimeti\u00e8res\",\"isPartOf\":{\"@id\":\"https:\\\/\\\/www.compagniedescimetieres.fr\\\/#website\"},\"datePublished\":\"2025-09-11T10:58:52+00:00\",\"dateModified\":\"2025-09-15T12:02:35+00:00\",\"description\":\"La Compagnie des Cimeti\u00e8res et ses partenaires accompagnent les collectivit\u00e9s dans la conception, la r\u00e9alisation et la pose d\u2019espaces cin\u00e9raires, de columbariums et d\u2019autres am\u00e9nagements fun\u00e9raires partout en France. Ensemble, nous garantissons la qualit\u00e9, la durabilit\u00e9 et la valorisation de votre patrimoine local.\",\"breadcrumb\":{\"@id\":\"https:\\\/\\\/www.compagniedescimetieres.fr\\\/#breadcrumb\"},\"inLanguage\":\"en-GB\",\"potentialAction\":[{\"@type\":\"ReadAction\",\"target\":[\"https:\\\/\\\/www.compagniedescimetieres.fr\\\/\"]}]},{\"@type\":\"BreadcrumbList\",\"@id\":\"https:\\\/\\\/www.compagniedescimetieres.fr\\\/#breadcrumb\",\"itemListElement\":[{\"@type\":\"ListItem\",\"position\":1,\"name\":\"Accueil\",\"item\":\"https:\\\/\\\/www.compagniedescimetieres.fr\\\/\"},{\"@type\":\"ListItem\",\"position\":2,\"name\":\"Accueil\"}]},{\"@type\":\"WebSite\",\"@id\":\"https:\\\/\\\/www.compagniedescimetieres.fr\\\/#website\",\"url\":\"https:\\\/\\\/www.compagniedescimetieres.fr\\\/\",\"name\":\"La Compagnie des Cimeti\u00e8res\",\"description\":\"\",\"publisher\":{\"@id\":\"https:\\\/\\\/www.compagniedescimetieres.fr\\\/#organization\"},\"potentialAction\":[{\"@type\":\"SearchAction\",\"target\":{\"@type\":\"EntryPoint\",\"urlTemplate\":\"https:\\\/\\\/www.compagniedescimetieres.fr\\\/?s={search_term_string}\"},\"query-input\":{\"@type\":\"PropertyValueSpecification\",\"valueRequired\":true,\"valueName\":\"search_term_string\"}}],\"inLanguage\":\"en-GB\"},{\"@type\":\"Organization\",\"@id\":\"https:\\\/\\\/www.compagniedescimetieres.fr\\\/#organization\",\"name\":\"La Compagnie des Cimeti\u00e8res\",\"url\":\"https:\\\/\\\/www.compagniedescimetieres.fr\\\/\",\"logo\":{\"@type\":\"ImageObject\",\"inLanguage\":\"en-GB\",\"@id\":\"https:\\\/\\\/www.compagniedescimetieres.fr\\\/#\\\/schema\\\/logo\\\/image\\\/\",\"url\":\"https:\\\/\\\/www.compagniedescimetieres.fr\\\/wp-content\\\/uploads\\\/2025\\\/09\\\/logo-black.svg\",\"contentUrl\":\"https:\\\/\\\/www.compagniedescimetieres.fr\\\/wp-content\\\/uploads\\\/2025\\\/09\\\/logo-black.svg\",\"caption\":\"La Compagnie des Cimeti\u00e8res\"},\"image\":{\"@id\":\"https:\\\/\\\/www.compagniedescimetieres.fr\\\/#\\\/schema\\\/logo\\\/image\\\/\"}}]}<\/script>\n<!-- \/ Yoast SEO plugin. -->","yoast_head_json":{"title":"Home - The Cemetery Company","description":"La Compagnie des Cimeti\u00e8res and its partners support local authorities in the design, construction and installation of Cremation urns, columbaria and other funeral facilities throughout France. Together, we guarantee the quality, durability and enhancement of your local heritage.","robots":{"index":"index","follow":"follow","max-snippet":"max-snippet:-1","max-image-preview":"max-image-preview:large","max-video-preview":"max-video-preview:-1"},"canonical":"https:\/\/www.compagniedescimetieres.fr\/en\/","og_locale":"en_GB","og_type":"article","og_title":"Accueil - La Compagnie des Cimeti\u00e8res","og_description":"La Compagnie des Cimeti\u00e8res et ses partenaires accompagnent les collectivit\u00e9s dans la conception, la r\u00e9alisation et la pose d\u2019espaces cin\u00e9raires, de columbariums et d\u2019autres am\u00e9nagements fun\u00e9raires partout en France. Ensemble, nous garantissons la qualit\u00e9, la durabilit\u00e9 et la valorisation de votre patrimoine local.","og_url":"https:\/\/www.compagniedescimetieres.fr\/en\/","og_site_name":"La Compagnie des Cimeti\u00e8res","article_modified_time":"2025-09-15T12:02:35+00:00","og_image":[{"width":1043,"height":1043,"url":"https:\/\/www.compagniedescimetieres.fr\/wp-content\/uploads\/2025\/09\/image05.webp","type":"image\/jpeg"}],"twitter_card":"summary_large_image","twitter_misc":{"Estimated reading time":"14 minutes"},"schema":{"@context":"https:\/\/schema.org","@graph":[{"@type":"WebPage","@id":"https:\/\/www.compagniedescimetieres.fr\/","url":"https:\/\/www.compagniedescimetieres.fr\/","name":"Home - The Cemetery Company","isPartOf":{"@id":"https:\/\/www.compagniedescimetieres.fr\/#website"},"datePublished":"2025-09-11T10:58:52+00:00","dateModified":"2025-09-15T12:02:35+00:00","description":"La Compagnie des Cimeti\u00e8res and its partners support local authorities in the design, construction and installation of Cremation urns, columbaria and other funeral facilities throughout France. Together, we guarantee the quality, durability and enhancement of your local heritage.","breadcrumb":{"@id":"https:\/\/www.compagniedescimetieres.fr\/#breadcrumb"},"inLanguage":"en-GB","potentialAction":[{"@type":"ReadAction","target":["https:\/\/www.compagniedescimetieres.fr\/"]}]},{"@type":"BreadcrumbList","@id":"https:\/\/www.compagniedescimetieres.fr\/#breadcrumb","itemListElement":[{"@type":"ListItem","position":1,"name":"Accueil","item":"https:\/\/www.compagniedescimetieres.fr\/"},{"@type":"ListItem","position":2,"name":"Accueil"}]},{"@type":"WebSite","@id":"https:\/\/www.compagniedescimetieres.fr\/#website","url":"https:\/\/www.compagniedescimetieres.fr\/","name":"The Cemetery Company","description":"","publisher":{"@id":"https:\/\/www.compagniedescimetieres.fr\/#organization"},"potentialAction":[{"@type":"SearchAction","target":{"@type":"EntryPoint","urlTemplate":"https:\/\/www.compagniedescimetieres.fr\/?s={search_term_string}"},"query-input":{"@type":"PropertyValueSpecification","valueRequired":true,"valueName":"search_term_string"}}],"inLanguage":"en-GB"},{"@type":"Organization","@id":"https:\/\/www.compagniedescimetieres.fr\/#organization","name":"The Cemetery Company","url":"https:\/\/www.compagniedescimetieres.fr\/","logo":{"@type":"ImageObject","inLanguage":"en-GB","@id":"https:\/\/www.compagniedescimetieres.fr\/#\/schema\/logo\/image\/","url":"https:\/\/www.compagniedescimetieres.fr\/wp-content\/uploads\/2025\/09\/logo-black.svg","contentUrl":"https:\/\/www.compagniedescimetieres.fr\/wp-content\/uploads\/2025\/09\/logo-black.svg","caption":"La Compagnie des Cimeti\u00e8res"},"image":{"@id":"https:\/\/www.compagniedescimetieres.fr\/#\/schema\/logo\/image\/"}}]}},"_links":{"self":[{"href":"https:\/\/www.compagniedescimetieres.fr\/en\/wp-json\/wp\/v2\/pages\/2","targetHints":{"allow":["GET"]}}],"collection":[{"href":"https:\/\/www.compagniedescimetieres.fr\/en\/wp-json\/wp\/v2\/pages"}],"about":[{"href":"https:\/\/www.compagniedescimetieres.fr\/en\/wp-json\/wp\/v2\/types\/page"}],"author":[{"embeddable":true,"href":"https:\/\/www.compagniedescimetieres.fr\/en\/wp-json\/wp\/v2\/users\/1"}],"replies":[{"embeddable":true,"href":"https:\/\/www.compagniedescimetieres.fr\/en\/wp-json\/wp\/v2\/comments?post=2"}],"version-history":[{"count":3,"href":"https:\/\/www.compagniedescimetieres.fr\/en\/wp-json\/wp\/v2\/pages\/2\/revisions"}],"predecessor-version":[{"id":440,"href":"https:\/\/www.compagniedescimetieres.fr\/en\/wp-json\/wp\/v2\/pages\/2\/revisions\/440"}],"wp:attachment":[{"href":"https:\/\/www.compagniedescimetieres.fr\/en\/wp-json\/wp\/v2\/media?parent=2"}],"curies":[{"name":"wp","href":"https:\/\/api.w.org\/{rel}","templated":true}]}}