{"id":14,"date":"2025-09-11T15:12:16","date_gmt":"2025-09-11T13:12:16","guid":{"rendered":"https:\/\/www.compagniedescimetieres.fr\/mentions-legales\/"},"modified":"2025-09-15T14:09:43","modified_gmt":"2025-09-15T12:09:43","slug":"legal-information","status":"publish","type":"page","link":"https:\/\/www.compagniedescimetieres.fr\/en\/mentions-legales\/","title":{"rendered":"Legal information"},"content":{"rendered":"<h3>THIS SITE IS PUBLISHED BY :<\/h3>\n<p>GPG Granit - Hereinafter referred to as \u00abThe Site Owner\u00bb A simplified joint stock company with capital of \u20ac41,277.14 Registered in Rennes under number 440 494 136 00 29, with registered offices at Rue Didier Daurat - ZAC Airlande - 35136 Saint Jacques de la Lande Tel: 02 23 20 10 10 The Director of Publication for this site is Mr Alexis JUBERT in his capacity as Chairman and Chief Executive Officer of GPG Granit.<\/p>\n<h3>ACCOMMODATION<\/h3>\n<p>The site is hosted on the IT infrastructure of : OVH Head office: 2 rue Kellermann 59100 Roubaix - France. www.ovh.com\/fr\/ SARL au capital de 10 069 020 EUR RCS Lille M\u00e9tropole 424 761 419 00045 Code APE 2620Z N\u00b0 TVA : FR 22 424 761 419<\/p>\n<h3>PERSONAL DATA<\/h3>\n<p>For all information on our personal data management policy, please consult the dedicated page.<\/p>\n<h3>HYPERLIENS<\/h3>\n<p>The creation of a hyperlink to this site requires the prior written authorisation of the Site Owner. By clicking on a hyperlink or an advertising banner, users may be redirected to other sites. The Site Owner cannot be held responsible for the content of these sites, nor for their personal data management policy. This site may, without the Site Owner's knowledge, be linked to other sites via hypertext links. The Site Owner declines all responsibility for the information presented on these other sites.<\/p>\n<h3>RESPONSIBILITIES<\/h3>\n<p>However, the Site Owner endeavours to keep the information published on the Site up to date. The Site Owner cannot be held responsible for any errors or omissions. The Site Owner may not be held liable for any direct or indirect damage resulting from access to or use of the site, including inaccessibility, loss of data, deterioration, destruction or viruses that may affect the user's computer equipment, and\/or the presence of viruses on its site.<\/p>\n<h3>INTELLECTUAL PROPERTY<\/h3>\n<p>All elements of the www.gpggranit.com website are and remain the exclusive property of the Site Owner. Any reproduction, modification or distribution of these elements is prohibited without the prior written consent of the Site Owner. The GPG Granit trademark and logo appearing on this site are the property of the Site Owner. Any total or partial reproduction or representation of this trademark or these logos, alone or as part of other elements, without the express prior written authorisation of the Site Owner or the third party holding the rights to the trademark or logo is prohibited. Any user who does not respect the Site Owner's intellectual property shall be held liable in accordance with articles L.713-2 and L.713-3 of the French Intellectual Property Code. The images or photographs of people or places appearing on the site are the property of the Site Owner or are used by the Site Owner with the agreement of the holders of the rights. Some of the images or photographs used come from royalty-free image banks (Fotolia, Getty Images, 123rf, Freepik). The use of these images or photographs by third parties is prohibited without specific, written and express authorisation from the owner. All reproduction rights are reserved, including for downloadable documents and representations of images and photographs.<\/p>\n<h3>ILLEGAL CONTENT OR BEHAVIOUR<\/h3>\n<p>You can report any illegal content or behaviour that you may have encountered while using this site by sending an e-mail to the following address: marketing@gpggranit.com<\/p>\n<h3>APPLICABLE LAW<\/h3>\n<p>This site and its legal notices are governed by French law.<\/p>\n<h3>MODIFICATION OF CONDITIONS<\/h3>\n<p>The Site Owner reserves the right to modify or update this legal notice at any time and without prior notice to users.<\/p>","protected":false},"excerpt":{"rendered":"<p>CE SITE EST PUBLI\u00c9 PAR : GPG Granit \u2013 Ci-apr\u00e8s d\u00e9nomm\u00e9 \u00ab Le Propri\u00e9taire du Site \u00bb Soci\u00e9t\u00e9 par actions simplifi\u00e9es au capital de 41\u202f277,14 euros Immatricul\u00e9 et enregistr\u00e9 \u00e0 Rennes, sous l\u2019immatriculation 440 494 136 00 29 Dont le si\u00e8ge social est situ\u00e9 Rue Didier Daurat \u2013 ZAC Airlande \u2013 35136 Saint Jacques de [&hellip;]<\/p>\n","protected":false},"author":1,"featured_media":0,"parent":0,"menu_order":25,"comment_status":"closed","ping_status":"closed","template":"","meta":{"_acf_changed":false,"footnotes":""},"class_list":["post-14","page","type-page","status-publish","hentry"],"acf":[],"yoast_head":"<!-- This site is optimized with the Yoast SEO plugin v27.5 - https:\/\/yoast.com\/product\/yoast-seo-wordpress\/ -->\n<title>Mentions l\u00e9gales - La Compagnie des Cimeti\u00e8res<\/title>\n<meta name=\"description\" content=\"GPG Granit \u2013 Ci-apr\u00e8s d\u00e9nomm\u00e9 \u00ab Le Propri\u00e9taire du Site \u00bb Soci\u00e9t\u00e9 par actions simplifi\u00e9es au capital de 41\u202f277,14 euros Immatricul\u00e9 et enregistr\u00e9 \u00e0 Rennes, sous l\u2019immatriculation 440 494 136 00 29 Dont le si\u00e8ge social est situ\u00e9 Rue Didier Daurat \u2013 ZAC Airlande \u2013 35136 Saint Jacques de la Lande T\u00e9l : 02 23 20 10 10 Le Directeur de la publication de ce site est Monsieur Alexis JUBERT en sa qualit\u00e9 de Pr\u00e9sident Directeur G\u00e9n\u00e9ral de la soci\u00e9t\u00e9 GPG Granit.\" \/>\n<meta name=\"robots\" content=\"index, follow, max-snippet:-1, max-image-preview:large, max-video-preview:-1\" \/>\n<link rel=\"canonical\" href=\"https:\/\/www.compagniedescimetieres.fr\/en\/legal-information\/\" \/>\n<meta property=\"og:locale\" content=\"en_GB\" \/>\n<meta property=\"og:type\" content=\"article\" \/>\n<meta property=\"og:title\" content=\"Mentions l\u00e9gales - La Compagnie des Cimeti\u00e8res\" \/>\n<meta property=\"og:description\" content=\"GPG Granit \u2013 Ci-apr\u00e8s d\u00e9nomm\u00e9 \u00ab Le Propri\u00e9taire du Site \u00bb Soci\u00e9t\u00e9 par actions simplifi\u00e9es au capital de 41\u202f277,14 euros Immatricul\u00e9 et enregistr\u00e9 \u00e0 Rennes, sous l\u2019immatriculation 440 494 136 00 29 Dont le si\u00e8ge social est situ\u00e9 Rue Didier Daurat \u2013 ZAC Airlande \u2013 35136 Saint Jacques de la Lande T\u00e9l : 02 23 20 10 10 Le Directeur de la publication de ce site est Monsieur Alexis JUBERT en sa qualit\u00e9 de Pr\u00e9sident Directeur G\u00e9n\u00e9ral de la soci\u00e9t\u00e9 GPG Granit.\" \/>\n<meta property=\"og:url\" content=\"https:\/\/www.compagniedescimetieres.fr\/en\/legal-information\/\" \/>\n<meta property=\"og:site_name\" content=\"La Compagnie des Cimeti\u00e8res\" \/>\n<meta property=\"article:modified_time\" content=\"2025-09-15T12:09:43+00:00\" \/>\n<meta property=\"og:image\" content=\"https:\/\/www.compagniedescimetieres.fr\/wp-content\/uploads\/2025\/09\/image05.webp\" \/>\n\t<meta property=\"og:image:width\" content=\"1043\" \/>\n\t<meta property=\"og:image:height\" content=\"1043\" \/>\n\t<meta property=\"og:image:type\" content=\"image\/jpeg\" \/>\n<meta name=\"twitter:card\" content=\"summary_large_image\" \/>\n<meta name=\"twitter:label1\" content=\"Estimated reading time\" \/>\n\t<meta name=\"twitter:data1\" content=\"4 minutes\" \/>\n<script type=\"application\/ld+json\" class=\"yoast-schema-graph\">{\"@context\":\"https:\\\/\\\/schema.org\",\"@graph\":[{\"@type\":\"WebPage\",\"@id\":\"https:\\\/\\\/www.compagniedescimetieres.fr\\\/mentions-legales\\\/\",\"url\":\"https:\\\/\\\/www.compagniedescimetieres.fr\\\/mentions-legales\\\/\",\"name\":\"Mentions l\u00e9gales - La Compagnie des Cimeti\u00e8res\",\"isPartOf\":{\"@id\":\"https:\\\/\\\/www.compagniedescimetieres.fr\\\/#website\"},\"datePublished\":\"2025-09-11T13:12:16+00:00\",\"dateModified\":\"2025-09-15T12:09:43+00:00\",\"description\":\"GPG Granit \u2013 Ci-apr\u00e8s d\u00e9nomm\u00e9 \u00ab Le Propri\u00e9taire du Site \u00bb Soci\u00e9t\u00e9 par actions simplifi\u00e9es au capital de 41\u202f277,14 euros Immatricul\u00e9 et enregistr\u00e9 \u00e0 Rennes, sous l\u2019immatriculation 440 494 136 00 29 Dont le si\u00e8ge social est situ\u00e9 Rue Didier Daurat \u2013 ZAC Airlande \u2013 35136 Saint Jacques de la Lande T\u00e9l : 02 23 20 10 10 Le Directeur de la publication de ce site est Monsieur Alexis JUBERT en sa qualit\u00e9 de Pr\u00e9sident Directeur G\u00e9n\u00e9ral de la soci\u00e9t\u00e9 GPG Granit.\",\"breadcrumb\":{\"@id\":\"https:\\\/\\\/www.compagniedescimetieres.fr\\\/mentions-legales\\\/#breadcrumb\"},\"inLanguage\":\"en-GB\",\"potentialAction\":[{\"@type\":\"ReadAction\",\"target\":[\"https:\\\/\\\/www.compagniedescimetieres.fr\\\/mentions-legales\\\/\"]}]},{\"@type\":\"BreadcrumbList\",\"@id\":\"https:\\\/\\\/www.compagniedescimetieres.fr\\\/mentions-legales\\\/#breadcrumb\",\"itemListElement\":[{\"@type\":\"ListItem\",\"position\":1,\"name\":\"Accueil\",\"item\":\"https:\\\/\\\/www.compagniedescimetieres.fr\\\/\"},{\"@type\":\"ListItem\",\"position\":2,\"name\":\"Mentions l\u00e9gales\"}]},{\"@type\":\"WebSite\",\"@id\":\"https:\\\/\\\/www.compagniedescimetieres.fr\\\/#website\",\"url\":\"https:\\\/\\\/www.compagniedescimetieres.fr\\\/\",\"name\":\"La Compagnie des Cimeti\u00e8res\",\"description\":\"\",\"publisher\":{\"@id\":\"https:\\\/\\\/www.compagniedescimetieres.fr\\\/#organization\"},\"potentialAction\":[{\"@type\":\"SearchAction\",\"target\":{\"@type\":\"EntryPoint\",\"urlTemplate\":\"https:\\\/\\\/www.compagniedescimetieres.fr\\\/?s={search_term_string}\"},\"query-input\":{\"@type\":\"PropertyValueSpecification\",\"valueRequired\":true,\"valueName\":\"search_term_string\"}}],\"inLanguage\":\"en-GB\"},{\"@type\":\"Organization\",\"@id\":\"https:\\\/\\\/www.compagniedescimetieres.fr\\\/#organization\",\"name\":\"La Compagnie des Cimeti\u00e8res\",\"url\":\"https:\\\/\\\/www.compagniedescimetieres.fr\\\/\",\"logo\":{\"@type\":\"ImageObject\",\"inLanguage\":\"en-GB\",\"@id\":\"https:\\\/\\\/www.compagniedescimetieres.fr\\\/#\\\/schema\\\/logo\\\/image\\\/\",\"url\":\"https:\\\/\\\/www.compagniedescimetieres.fr\\\/wp-content\\\/uploads\\\/2025\\\/09\\\/logo-black.svg\",\"contentUrl\":\"https:\\\/\\\/www.compagniedescimetieres.fr\\\/wp-content\\\/uploads\\\/2025\\\/09\\\/logo-black.svg\",\"caption\":\"La Compagnie des Cimeti\u00e8res\"},\"image\":{\"@id\":\"https:\\\/\\\/www.compagniedescimetieres.fr\\\/#\\\/schema\\\/logo\\\/image\\\/\"}}]}<\/script>\n<!-- \/ Yoast SEO plugin. -->","yoast_head_json":{"title":"Legal information - La Compagnie des Cimeti\u00e8res","description":"GPG Granit - Hereinafter referred to as \u00abThe Site Owner\u00bb A simplified joint stock company with capital of \u20ac41,277.14 Registered in Rennes under number 440 494 136 00 29, with registered offices at Rue Didier Daurat - ZAC Airlande - 35136 Saint Jacques de la Lande Tel: 02 23 20 10 10 The Director of Publication for this site is Mr Alexis JUBERT in his capacity as Chairman and Chief Executive Officer of GPG Granit.","robots":{"index":"index","follow":"follow","max-snippet":"max-snippet:-1","max-image-preview":"max-image-preview:large","max-video-preview":"max-video-preview:-1"},"canonical":"https:\/\/www.compagniedescimetieres.fr\/en\/legal-information\/","og_locale":"en_GB","og_type":"article","og_title":"Mentions l\u00e9gales - La Compagnie des Cimeti\u00e8res","og_description":"GPG Granit \u2013 Ci-apr\u00e8s d\u00e9nomm\u00e9 \u00ab Le Propri\u00e9taire du Site \u00bb Soci\u00e9t\u00e9 par actions simplifi\u00e9es au capital de 41\u202f277,14 euros Immatricul\u00e9 et enregistr\u00e9 \u00e0 Rennes, sous l\u2019immatriculation 440 494 136 00 29 Dont le si\u00e8ge social est situ\u00e9 Rue Didier Daurat \u2013 ZAC Airlande \u2013 35136 Saint Jacques de la Lande T\u00e9l : 02 23 20 10 10 Le Directeur de la publication de ce site est Monsieur Alexis JUBERT en sa qualit\u00e9 de Pr\u00e9sident Directeur G\u00e9n\u00e9ral de la soci\u00e9t\u00e9 GPG Granit.","og_url":"https:\/\/www.compagniedescimetieres.fr\/en\/legal-information\/","og_site_name":"La Compagnie des Cimeti\u00e8res","article_modified_time":"2025-09-15T12:09:43+00:00","og_image":[{"width":1043,"height":1043,"url":"https:\/\/www.compagniedescimetieres.fr\/wp-content\/uploads\/2025\/09\/image05.webp","type":"image\/jpeg"}],"twitter_card":"summary_large_image","twitter_misc":{"Estimated reading time":"4 minutes"},"schema":{"@context":"https:\/\/schema.org","@graph":[{"@type":"WebPage","@id":"https:\/\/www.compagniedescimetieres.fr\/mentions-legales\/","url":"https:\/\/www.compagniedescimetieres.fr\/mentions-legales\/","name":"Legal information - La Compagnie des Cimeti\u00e8res","isPartOf":{"@id":"https:\/\/www.compagniedescimetieres.fr\/#website"},"datePublished":"2025-09-11T13:12:16+00:00","dateModified":"2025-09-15T12:09:43+00:00","description":"GPG Granit - Hereinafter referred to as \u00abThe Site Owner\u00bb A simplified joint stock company with capital of \u20ac41,277.14 Registered in Rennes under number 440 494 136 00 29, with registered offices at Rue Didier Daurat - ZAC Airlande - 35136 Saint Jacques de la Lande Tel: 02 23 20 10 10 The Director of Publication for this site is Mr Alexis JUBERT in his capacity as Chairman and Chief Executive Officer of GPG Granit.","breadcrumb":{"@id":"https:\/\/www.compagniedescimetieres.fr\/mentions-legales\/#breadcrumb"},"inLanguage":"en-GB","potentialAction":[{"@type":"ReadAction","target":["https:\/\/www.compagniedescimetieres.fr\/mentions-legales\/"]}]},{"@type":"BreadcrumbList","@id":"https:\/\/www.compagniedescimetieres.fr\/mentions-legales\/#breadcrumb","itemListElement":[{"@type":"ListItem","position":1,"name":"Accueil","item":"https:\/\/www.compagniedescimetieres.fr\/"},{"@type":"ListItem","position":2,"name":"Mentions l\u00e9gales"}]},{"@type":"WebSite","@id":"https:\/\/www.compagniedescimetieres.fr\/#website","url":"https:\/\/www.compagniedescimetieres.fr\/","name":"The Cemetery Company","description":"","publisher":{"@id":"https:\/\/www.compagniedescimetieres.fr\/#organization"},"potentialAction":[{"@type":"SearchAction","target":{"@type":"EntryPoint","urlTemplate":"https:\/\/www.compagniedescimetieres.fr\/?s={search_term_string}"},"query-input":{"@type":"PropertyValueSpecification","valueRequired":true,"valueName":"search_term_string"}}],"inLanguage":"en-GB"},{"@type":"Organization","@id":"https:\/\/www.compagniedescimetieres.fr\/#organization","name":"The Cemetery Company","url":"https:\/\/www.compagniedescimetieres.fr\/","logo":{"@type":"ImageObject","inLanguage":"en-GB","@id":"https:\/\/www.compagniedescimetieres.fr\/#\/schema\/logo\/image\/","url":"https:\/\/www.compagniedescimetieres.fr\/wp-content\/uploads\/2025\/09\/logo-black.svg","contentUrl":"https:\/\/www.compagniedescimetieres.fr\/wp-content\/uploads\/2025\/09\/logo-black.svg","caption":"La Compagnie des Cimeti\u00e8res"},"image":{"@id":"https:\/\/www.compagniedescimetieres.fr\/#\/schema\/logo\/image\/"}}]}},"_links":{"self":[{"href":"https:\/\/www.compagniedescimetieres.fr\/en\/wp-json\/wp\/v2\/pages\/14","targetHints":{"allow":["GET"]}}],"collection":[{"href":"https:\/\/www.compagniedescimetieres.fr\/en\/wp-json\/wp\/v2\/pages"}],"about":[{"href":"https:\/\/www.compagniedescimetieres.fr\/en\/wp-json\/wp\/v2\/types\/page"}],"author":[{"embeddable":true,"href":"https:\/\/www.compagniedescimetieres.fr\/en\/wp-json\/wp\/v2\/users\/1"}],"replies":[{"embeddable":true,"href":"https:\/\/www.compagniedescimetieres.fr\/en\/wp-json\/wp\/v2\/comments?post=14"}],"version-history":[{"count":2,"href":"https:\/\/www.compagniedescimetieres.fr\/en\/wp-json\/wp\/v2\/pages\/14\/revisions"}],"predecessor-version":[{"id":448,"href":"https:\/\/www.compagniedescimetieres.fr\/en\/wp-json\/wp\/v2\/pages\/14\/revisions\/448"}],"wp:attachment":[{"href":"https:\/\/www.compagniedescimetieres.fr\/en\/wp-json\/wp\/v2\/media?parent=14"}],"curies":[{"name":"wp","href":"https:\/\/api.w.org\/{rel}","templated":true}]}}