{"id":13,"date":"2025-09-11T15:12:16","date_gmt":"2025-09-11T13:12:16","guid":{"rendered":"https:\/\/www.compagniedescimetieres.fr\/contact\/"},"modified":"2025-09-15T14:06:03","modified_gmt":"2025-09-15T12:06:03","slug":"contact","status":"publish","type":"page","link":"https:\/\/www.compagniedescimetieres.fr\/en\/contact\/","title":{"rendered":"Contact"},"content":{"rendered":"","protected":false},"excerpt":{"rendered":"","protected":false},"author":1,"featured_media":0,"parent":0,"menu_order":20,"comment_status":"closed","ping_status":"closed","template":"page-contact.php","meta":{"_acf_changed":false,"footnotes":""},"class_list":["post-13","page","type-page","status-publish","hentry"],"acf":[],"yoast_head":"<!-- This site is optimized with the Yoast SEO plugin v27.5 - https:\/\/yoast.com\/product\/yoast-seo-wordpress\/ -->\n<title>Contact - La Compagnie des Cimeti\u00e8res<\/title>\n<meta name=\"description\" content=\"Nous sommes \u00e0 votre \u00e9coute pour r\u00e9pondre \u00e0 toutes vos questions et vous accompagner dans vos projets.N\u2019h\u00e9sitez pas \u00e0 nous contacter pour toute demande d\u2019information ou de renseignement.\" \/>\n<meta name=\"robots\" content=\"index, follow, max-snippet:-1, max-image-preview:large, max-video-preview:-1\" \/>\n<link rel=\"canonical\" href=\"https:\/\/www.compagniedescimetieres.fr\/en\/contact\/\" \/>\n<meta property=\"og:locale\" content=\"en_GB\" \/>\n<meta property=\"og:type\" content=\"article\" \/>\n<meta property=\"og:title\" content=\"Contact - La Compagnie des Cimeti\u00e8res\" \/>\n<meta property=\"og:description\" content=\"Nous sommes \u00e0 votre \u00e9coute pour r\u00e9pondre \u00e0 toutes vos questions et vous accompagner dans vos projets.N\u2019h\u00e9sitez pas \u00e0 nous contacter pour toute demande d\u2019information ou de renseignement.\" \/>\n<meta property=\"og:url\" content=\"https:\/\/www.compagniedescimetieres.fr\/en\/contact\/\" \/>\n<meta property=\"og:site_name\" content=\"La Compagnie des Cimeti\u00e8res\" \/>\n<meta property=\"article:modified_time\" content=\"2025-09-15T12:06:03+00:00\" \/>\n<meta property=\"og:image\" content=\"https:\/\/www.compagniedescimetieres.fr\/wp-content\/uploads\/2025\/09\/image05.webp\" \/>\n\t<meta property=\"og:image:width\" content=\"1043\" \/>\n\t<meta property=\"og:image:height\" content=\"1043\" \/>\n\t<meta property=\"og:image:type\" content=\"image\/jpeg\" \/>\n<meta name=\"twitter:card\" content=\"summary_large_image\" \/>\n<meta name=\"twitter:label1\" content=\"Estimated reading time\" \/>\n\t<meta name=\"twitter:data1\" content=\"1 minute\" \/>\n<script type=\"application\/ld+json\" class=\"yoast-schema-graph\">{\"@context\":\"https:\\\/\\\/schema.org\",\"@graph\":[{\"@type\":\"WebPage\",\"@id\":\"https:\\\/\\\/www.compagniedescimetieres.fr\\\/contact\\\/\",\"url\":\"https:\\\/\\\/www.compagniedescimetieres.fr\\\/contact\\\/\",\"name\":\"Contact - La Compagnie des Cimeti\u00e8res\",\"isPartOf\":{\"@id\":\"https:\\\/\\\/www.compagniedescimetieres.fr\\\/#website\"},\"datePublished\":\"2025-09-11T13:12:16+00:00\",\"dateModified\":\"2025-09-15T12:06:03+00:00\",\"description\":\"Nous sommes \u00e0 votre \u00e9coute pour r\u00e9pondre \u00e0 toutes vos questions et vous accompagner dans vos projets.N\u2019h\u00e9sitez pas \u00e0 nous contacter pour toute demande d\u2019information ou de renseignement.\",\"breadcrumb\":{\"@id\":\"https:\\\/\\\/www.compagniedescimetieres.fr\\\/contact\\\/#breadcrumb\"},\"inLanguage\":\"en-GB\",\"potentialAction\":[{\"@type\":\"ReadAction\",\"target\":[\"https:\\\/\\\/www.compagniedescimetieres.fr\\\/contact\\\/\"]}]},{\"@type\":\"BreadcrumbList\",\"@id\":\"https:\\\/\\\/www.compagniedescimetieres.fr\\\/contact\\\/#breadcrumb\",\"itemListElement\":[{\"@type\":\"ListItem\",\"position\":1,\"name\":\"Accueil\",\"item\":\"https:\\\/\\\/www.compagniedescimetieres.fr\\\/\"},{\"@type\":\"ListItem\",\"position\":2,\"name\":\"Contact\"}]},{\"@type\":\"WebSite\",\"@id\":\"https:\\\/\\\/www.compagniedescimetieres.fr\\\/#website\",\"url\":\"https:\\\/\\\/www.compagniedescimetieres.fr\\\/\",\"name\":\"La Compagnie des Cimeti\u00e8res\",\"description\":\"\",\"publisher\":{\"@id\":\"https:\\\/\\\/www.compagniedescimetieres.fr\\\/#organization\"},\"potentialAction\":[{\"@type\":\"SearchAction\",\"target\":{\"@type\":\"EntryPoint\",\"urlTemplate\":\"https:\\\/\\\/www.compagniedescimetieres.fr\\\/?s={search_term_string}\"},\"query-input\":{\"@type\":\"PropertyValueSpecification\",\"valueRequired\":true,\"valueName\":\"search_term_string\"}}],\"inLanguage\":\"en-GB\"},{\"@type\":\"Organization\",\"@id\":\"https:\\\/\\\/www.compagniedescimetieres.fr\\\/#organization\",\"name\":\"La Compagnie des Cimeti\u00e8res\",\"url\":\"https:\\\/\\\/www.compagniedescimetieres.fr\\\/\",\"logo\":{\"@type\":\"ImageObject\",\"inLanguage\":\"en-GB\",\"@id\":\"https:\\\/\\\/www.compagniedescimetieres.fr\\\/#\\\/schema\\\/logo\\\/image\\\/\",\"url\":\"https:\\\/\\\/www.compagniedescimetieres.fr\\\/wp-content\\\/uploads\\\/2025\\\/09\\\/logo-black.svg\",\"contentUrl\":\"https:\\\/\\\/www.compagniedescimetieres.fr\\\/wp-content\\\/uploads\\\/2025\\\/09\\\/logo-black.svg\",\"caption\":\"La Compagnie des Cimeti\u00e8res\"},\"image\":{\"@id\":\"https:\\\/\\\/www.compagniedescimetieres.fr\\\/#\\\/schema\\\/logo\\\/image\\\/\"}}]}<\/script>\n<!-- \/ Yoast SEO plugin. -->","yoast_head_json":{"title":"Contact - La Compagnie des Cimeti\u00e8res","description":"We're here to answer all your questions and help you with your projects, so don't hesitate to contact us if you have any queries or requests for information.","robots":{"index":"index","follow":"follow","max-snippet":"max-snippet:-1","max-image-preview":"max-image-preview:large","max-video-preview":"max-video-preview:-1"},"canonical":"https:\/\/www.compagniedescimetieres.fr\/en\/contact\/","og_locale":"en_GB","og_type":"article","og_title":"Contact - La Compagnie des Cimeti\u00e8res","og_description":"Nous sommes \u00e0 votre \u00e9coute pour r\u00e9pondre \u00e0 toutes vos questions et vous accompagner dans vos projets.N\u2019h\u00e9sitez pas \u00e0 nous contacter pour toute demande d\u2019information ou de renseignement.","og_url":"https:\/\/www.compagniedescimetieres.fr\/en\/contact\/","og_site_name":"La Compagnie des Cimeti\u00e8res","article_modified_time":"2025-09-15T12:06:03+00:00","og_image":[{"width":1043,"height":1043,"url":"https:\/\/www.compagniedescimetieres.fr\/wp-content\/uploads\/2025\/09\/image05.webp","type":"image\/jpeg"}],"twitter_card":"summary_large_image","twitter_misc":{"Estimated reading time":"1 minute"},"schema":{"@context":"https:\/\/schema.org","@graph":[{"@type":"WebPage","@id":"https:\/\/www.compagniedescimetieres.fr\/contact\/","url":"https:\/\/www.compagniedescimetieres.fr\/contact\/","name":"Contact - La Compagnie des Cimeti\u00e8res","isPartOf":{"@id":"https:\/\/www.compagniedescimetieres.fr\/#website"},"datePublished":"2025-09-11T13:12:16+00:00","dateModified":"2025-09-15T12:06:03+00:00","description":"We're here to answer all your questions and help you with your projects, so don't hesitate to contact us if you have any queries or requests for information.","breadcrumb":{"@id":"https:\/\/www.compagniedescimetieres.fr\/contact\/#breadcrumb"},"inLanguage":"en-GB","potentialAction":[{"@type":"ReadAction","target":["https:\/\/www.compagniedescimetieres.fr\/contact\/"]}]},{"@type":"BreadcrumbList","@id":"https:\/\/www.compagniedescimetieres.fr\/contact\/#breadcrumb","itemListElement":[{"@type":"ListItem","position":1,"name":"Accueil","item":"https:\/\/www.compagniedescimetieres.fr\/"},{"@type":"ListItem","position":2,"name":"Contact"}]},{"@type":"WebSite","@id":"https:\/\/www.compagniedescimetieres.fr\/#website","url":"https:\/\/www.compagniedescimetieres.fr\/","name":"The Cemetery Company","description":"","publisher":{"@id":"https:\/\/www.compagniedescimetieres.fr\/#organization"},"potentialAction":[{"@type":"SearchAction","target":{"@type":"EntryPoint","urlTemplate":"https:\/\/www.compagniedescimetieres.fr\/?s={search_term_string}"},"query-input":{"@type":"PropertyValueSpecification","valueRequired":true,"valueName":"search_term_string"}}],"inLanguage":"en-GB"},{"@type":"Organization","@id":"https:\/\/www.compagniedescimetieres.fr\/#organization","name":"The Cemetery Company","url":"https:\/\/www.compagniedescimetieres.fr\/","logo":{"@type":"ImageObject","inLanguage":"en-GB","@id":"https:\/\/www.compagniedescimetieres.fr\/#\/schema\/logo\/image\/","url":"https:\/\/www.compagniedescimetieres.fr\/wp-content\/uploads\/2025\/09\/logo-black.svg","contentUrl":"https:\/\/www.compagniedescimetieres.fr\/wp-content\/uploads\/2025\/09\/logo-black.svg","caption":"La Compagnie des Cimeti\u00e8res"},"image":{"@id":"https:\/\/www.compagniedescimetieres.fr\/#\/schema\/logo\/image\/"}}]}},"_links":{"self":[{"href":"https:\/\/www.compagniedescimetieres.fr\/en\/wp-json\/wp\/v2\/pages\/13","targetHints":{"allow":["GET"]}}],"collection":[{"href":"https:\/\/www.compagniedescimetieres.fr\/en\/wp-json\/wp\/v2\/pages"}],"about":[{"href":"https:\/\/www.compagniedescimetieres.fr\/en\/wp-json\/wp\/v2\/types\/page"}],"author":[{"embeddable":true,"href":"https:\/\/www.compagniedescimetieres.fr\/en\/wp-json\/wp\/v2\/users\/1"}],"replies":[{"embeddable":true,"href":"https:\/\/www.compagniedescimetieres.fr\/en\/wp-json\/wp\/v2\/comments?post=13"}],"version-history":[{"count":2,"href":"https:\/\/www.compagniedescimetieres.fr\/en\/wp-json\/wp\/v2\/pages\/13\/revisions"}],"predecessor-version":[{"id":442,"href":"https:\/\/www.compagniedescimetieres.fr\/en\/wp-json\/wp\/v2\/pages\/13\/revisions\/442"}],"wp:attachment":[{"href":"https:\/\/www.compagniedescimetieres.fr\/en\/wp-json\/wp\/v2\/media?parent=13"}],"curies":[{"name":"wp","href":"https:\/\/api.w.org\/{rel}","templated":true}]}}