{"id":12,"date":"2025-09-11T15:12:16","date_gmt":"2025-09-11T13:12:16","guid":{"rendered":"https:\/\/www.compagniedescimetieres.fr\/a-propos\/"},"modified":"2025-09-15T14:55:23","modified_gmt":"2025-09-15T12:55:23","slug":"a-propos","status":"publish","type":"page","link":"https:\/\/www.compagniedescimetieres.fr\/en\/a-propos\/","title":{"rendered":"About us"},"content":{"rendered":"","protected":false},"excerpt":{"rendered":"","protected":false},"author":1,"featured_media":0,"parent":0,"menu_order":15,"comment_status":"closed","ping_status":"closed","template":"page-about.php","meta":{"_acf_changed":false,"footnotes":""},"class_list":["post-12","page","type-page","status-publish","hentry"],"acf":[],"yoast_head":"<!-- This site is optimized with the Yoast SEO plugin v27.5 - https:\/\/yoast.com\/product\/yoast-seo-wordpress\/ -->\n<title>\u00c0 propos - La Compagnie des Cimeti\u00e8res<\/title>\n<meta name=\"description\" content=\"Cr\u00e9\u00e9e par GPG Granit, la Compagnie des Cimeti\u00e8re est h\u00e9riti\u00e8re d\u2019un savoir-faire unique. Depuis plus de 20 ans, notre mission est de soutenir l&#039;excellence de la marbrerie fun\u00e9raire. Nous fournissons les meilleurs marbriers fun\u00e9raires de France pour garantir aux collectivit\u00e9s des projets cin\u00e9raires d&#039;une qualit\u00e9 irr\u00e9prochable.\" \/>\n<meta name=\"robots\" content=\"index, follow, max-snippet:-1, max-image-preview:large, max-video-preview:-1\" \/>\n<link rel=\"canonical\" href=\"https:\/\/www.compagniedescimetieres.fr\/en\/a-propos\/\" \/>\n<meta property=\"og:locale\" content=\"en_GB\" \/>\n<meta property=\"og:type\" content=\"article\" \/>\n<meta property=\"og:title\" content=\"\u00c0 propos - La Compagnie des Cimeti\u00e8res\" \/>\n<meta property=\"og:description\" content=\"Cr\u00e9\u00e9e par GPG Granit, la Compagnie des Cimeti\u00e8re est h\u00e9riti\u00e8re d\u2019un savoir-faire unique. Depuis plus de 20 ans, notre mission est de soutenir l&#039;excellence de la marbrerie fun\u00e9raire. Nous fournissons les meilleurs marbriers fun\u00e9raires de France pour garantir aux collectivit\u00e9s des projets cin\u00e9raires d&#039;une qualit\u00e9 irr\u00e9prochable.\" \/>\n<meta property=\"og:url\" content=\"https:\/\/www.compagniedescimetieres.fr\/en\/a-propos\/\" \/>\n<meta property=\"og:site_name\" content=\"La Compagnie des Cimeti\u00e8res\" \/>\n<meta property=\"article:modified_time\" content=\"2025-09-15T12:55:23+00:00\" \/>\n<meta property=\"og:image\" content=\"https:\/\/www.compagniedescimetieres.fr\/wp-content\/uploads\/2025\/09\/image05.webp\" \/>\n\t<meta property=\"og:image:width\" content=\"1043\" \/>\n\t<meta property=\"og:image:height\" content=\"1043\" \/>\n\t<meta property=\"og:image:type\" content=\"image\/jpeg\" \/>\n<meta name=\"twitter:card\" content=\"summary_large_image\" \/>\n<meta name=\"twitter:label1\" content=\"Estimated reading time\" \/>\n\t<meta name=\"twitter:data1\" content=\"5 minutes\" \/>\n<script type=\"application\/ld+json\" class=\"yoast-schema-graph\">{\"@context\":\"https:\\\/\\\/schema.org\",\"@graph\":[{\"@type\":\"WebPage\",\"@id\":\"https:\\\/\\\/www.compagniedescimetieres.fr\\\/a-propos\\\/\",\"url\":\"https:\\\/\\\/www.compagniedescimetieres.fr\\\/a-propos\\\/\",\"name\":\"\u00c0 propos - La Compagnie des Cimeti\u00e8res\",\"isPartOf\":{\"@id\":\"https:\\\/\\\/www.compagniedescimetieres.fr\\\/#website\"},\"datePublished\":\"2025-09-11T13:12:16+00:00\",\"dateModified\":\"2025-09-15T12:55:23+00:00\",\"description\":\"Cr\u00e9\u00e9e par GPG Granit, la Compagnie des Cimeti\u00e8re est h\u00e9riti\u00e8re d\u2019un savoir-faire unique. Depuis plus de 20 ans, notre mission est de soutenir l'excellence de la marbrerie fun\u00e9raire. Nous fournissons les meilleurs marbriers fun\u00e9raires de France pour garantir aux collectivit\u00e9s des projets cin\u00e9raires d'une qualit\u00e9 irr\u00e9prochable.\",\"breadcrumb\":{\"@id\":\"https:\\\/\\\/www.compagniedescimetieres.fr\\\/a-propos\\\/#breadcrumb\"},\"inLanguage\":\"en-GB\",\"potentialAction\":[{\"@type\":\"ReadAction\",\"target\":[\"https:\\\/\\\/www.compagniedescimetieres.fr\\\/a-propos\\\/\"]}]},{\"@type\":\"BreadcrumbList\",\"@id\":\"https:\\\/\\\/www.compagniedescimetieres.fr\\\/a-propos\\\/#breadcrumb\",\"itemListElement\":[{\"@type\":\"ListItem\",\"position\":1,\"name\":\"Accueil\",\"item\":\"https:\\\/\\\/www.compagniedescimetieres.fr\\\/\"},{\"@type\":\"ListItem\",\"position\":2,\"name\":\"\u00c0 propos\"}]},{\"@type\":\"WebSite\",\"@id\":\"https:\\\/\\\/www.compagniedescimetieres.fr\\\/#website\",\"url\":\"https:\\\/\\\/www.compagniedescimetieres.fr\\\/\",\"name\":\"La Compagnie des Cimeti\u00e8res\",\"description\":\"\",\"publisher\":{\"@id\":\"https:\\\/\\\/www.compagniedescimetieres.fr\\\/#organization\"},\"potentialAction\":[{\"@type\":\"SearchAction\",\"target\":{\"@type\":\"EntryPoint\",\"urlTemplate\":\"https:\\\/\\\/www.compagniedescimetieres.fr\\\/?s={search_term_string}\"},\"query-input\":{\"@type\":\"PropertyValueSpecification\",\"valueRequired\":true,\"valueName\":\"search_term_string\"}}],\"inLanguage\":\"en-GB\"},{\"@type\":\"Organization\",\"@id\":\"https:\\\/\\\/www.compagniedescimetieres.fr\\\/#organization\",\"name\":\"La Compagnie des Cimeti\u00e8res\",\"url\":\"https:\\\/\\\/www.compagniedescimetieres.fr\\\/\",\"logo\":{\"@type\":\"ImageObject\",\"inLanguage\":\"en-GB\",\"@id\":\"https:\\\/\\\/www.compagniedescimetieres.fr\\\/#\\\/schema\\\/logo\\\/image\\\/\",\"url\":\"https:\\\/\\\/www.compagniedescimetieres.fr\\\/wp-content\\\/uploads\\\/2025\\\/09\\\/logo-black.svg\",\"contentUrl\":\"https:\\\/\\\/www.compagniedescimetieres.fr\\\/wp-content\\\/uploads\\\/2025\\\/09\\\/logo-black.svg\",\"caption\":\"La Compagnie des Cimeti\u00e8res\"},\"image\":{\"@id\":\"https:\\\/\\\/www.compagniedescimetieres.fr\\\/#\\\/schema\\\/logo\\\/image\\\/\"}}]}<\/script>\n<!-- \/ Yoast SEO plugin. -->","yoast_head_json":{"title":"About - La Compagnie des Cimeti\u00e8res","description":"Created by GPG Granite, the Compagnie des Cimeti\u00e8re is heir to a unique know-how. For over 20 years, our mission has been to support excellence in funeral marble work. We supply the best funeral marble masons in France to guarantee local authorities Cremation urns projects of impeccable quality.","robots":{"index":"index","follow":"follow","max-snippet":"max-snippet:-1","max-image-preview":"max-image-preview:large","max-video-preview":"max-video-preview:-1"},"canonical":"https:\/\/www.compagniedescimetieres.fr\/en\/a-propos\/","og_locale":"en_GB","og_type":"article","og_title":"\u00c0 propos - La Compagnie des Cimeti\u00e8res","og_description":"Cr\u00e9\u00e9e par GPG Granit, la Compagnie des Cimeti\u00e8re est h\u00e9riti\u00e8re d\u2019un savoir-faire unique. Depuis plus de 20 ans, notre mission est de soutenir l'excellence de la marbrerie fun\u00e9raire. Nous fournissons les meilleurs marbriers fun\u00e9raires de France pour garantir aux collectivit\u00e9s des projets cin\u00e9raires d'une qualit\u00e9 irr\u00e9prochable.","og_url":"https:\/\/www.compagniedescimetieres.fr\/en\/a-propos\/","og_site_name":"La Compagnie des Cimeti\u00e8res","article_modified_time":"2025-09-15T12:55:23+00:00","og_image":[{"width":1043,"height":1043,"url":"https:\/\/www.compagniedescimetieres.fr\/wp-content\/uploads\/2025\/09\/image05.webp","type":"image\/jpeg"}],"twitter_card":"summary_large_image","twitter_misc":{"Estimated reading time":"5 minutes"},"schema":{"@context":"https:\/\/schema.org","@graph":[{"@type":"WebPage","@id":"https:\/\/www.compagniedescimetieres.fr\/a-propos\/","url":"https:\/\/www.compagniedescimetieres.fr\/a-propos\/","name":"About - La Compagnie des Cimeti\u00e8res","isPartOf":{"@id":"https:\/\/www.compagniedescimetieres.fr\/#website"},"datePublished":"2025-09-11T13:12:16+00:00","dateModified":"2025-09-15T12:55:23+00:00","description":"Created by GPG Granite, the Compagnie des Cimeti\u00e8re is heir to a unique know-how. For over 20 years, our mission has been to support excellence in funeral marble work. We supply the best funeral marble masons in France to guarantee local authorities Cremation urns projects of impeccable quality.","breadcrumb":{"@id":"https:\/\/www.compagniedescimetieres.fr\/a-propos\/#breadcrumb"},"inLanguage":"en-GB","potentialAction":[{"@type":"ReadAction","target":["https:\/\/www.compagniedescimetieres.fr\/a-propos\/"]}]},{"@type":"BreadcrumbList","@id":"https:\/\/www.compagniedescimetieres.fr\/a-propos\/#breadcrumb","itemListElement":[{"@type":"ListItem","position":1,"name":"Accueil","item":"https:\/\/www.compagniedescimetieres.fr\/"},{"@type":"ListItem","position":2,"name":"\u00c0 propos"}]},{"@type":"WebSite","@id":"https:\/\/www.compagniedescimetieres.fr\/#website","url":"https:\/\/www.compagniedescimetieres.fr\/","name":"The Cemetery Company","description":"","publisher":{"@id":"https:\/\/www.compagniedescimetieres.fr\/#organization"},"potentialAction":[{"@type":"SearchAction","target":{"@type":"EntryPoint","urlTemplate":"https:\/\/www.compagniedescimetieres.fr\/?s={search_term_string}"},"query-input":{"@type":"PropertyValueSpecification","valueRequired":true,"valueName":"search_term_string"}}],"inLanguage":"en-GB"},{"@type":"Organization","@id":"https:\/\/www.compagniedescimetieres.fr\/#organization","name":"The Cemetery Company","url":"https:\/\/www.compagniedescimetieres.fr\/","logo":{"@type":"ImageObject","inLanguage":"en-GB","@id":"https:\/\/www.compagniedescimetieres.fr\/#\/schema\/logo\/image\/","url":"https:\/\/www.compagniedescimetieres.fr\/wp-content\/uploads\/2025\/09\/logo-black.svg","contentUrl":"https:\/\/www.compagniedescimetieres.fr\/wp-content\/uploads\/2025\/09\/logo-black.svg","caption":"La Compagnie des Cimeti\u00e8res"},"image":{"@id":"https:\/\/www.compagniedescimetieres.fr\/#\/schema\/logo\/image\/"}}]}},"_links":{"self":[{"href":"https:\/\/www.compagniedescimetieres.fr\/en\/wp-json\/wp\/v2\/pages\/12","targetHints":{"allow":["GET"]}}],"collection":[{"href":"https:\/\/www.compagniedescimetieres.fr\/en\/wp-json\/wp\/v2\/pages"}],"about":[{"href":"https:\/\/www.compagniedescimetieres.fr\/en\/wp-json\/wp\/v2\/types\/page"}],"author":[{"embeddable":true,"href":"https:\/\/www.compagniedescimetieres.fr\/en\/wp-json\/wp\/v2\/users\/1"}],"replies":[{"embeddable":true,"href":"https:\/\/www.compagniedescimetieres.fr\/en\/wp-json\/wp\/v2\/comments?post=12"}],"version-history":[{"count":3,"href":"https:\/\/www.compagniedescimetieres.fr\/en\/wp-json\/wp\/v2\/pages\/12\/revisions"}],"predecessor-version":[{"id":449,"href":"https:\/\/www.compagniedescimetieres.fr\/en\/wp-json\/wp\/v2\/pages\/12\/revisions\/449"}],"wp:attachment":[{"href":"https:\/\/www.compagniedescimetieres.fr\/en\/wp-json\/wp\/v2\/media?parent=12"}],"curies":[{"name":"wp","href":"https:\/\/api.w.org\/{rel}","templated":true}]}}