{"id":10,"date":"2025-09-11T15:12:16","date_gmt":"2025-09-11T13:12:16","guid":{"rendered":"https:\/\/www.compagniedescimetieres.fr\/catalogue\/"},"modified":"2025-09-15T14:04:08","modified_gmt":"2025-09-15T12:04:08","slug":"catalogue","status":"publish","type":"page","link":"https:\/\/www.compagniedescimetieres.fr\/en\/catalogue\/","title":{"rendered":"Catalogue"},"content":{"rendered":"","protected":false},"excerpt":{"rendered":"","protected":false},"author":1,"featured_media":0,"parent":0,"menu_order":5,"comment_status":"closed","ping_status":"closed","template":"page-catalogue.php","meta":{"_acf_changed":false,"footnotes":""},"class_list":["post-10","page","type-page","status-publish","hentry"],"acf":[],"yoast_head":"<!-- This site is optimized with the Yoast SEO plugin v27.5 - https:\/\/yoast.com\/product\/yoast-seo-wordpress\/ -->\n<title>Catalogue - La Compagnie des Cimeti\u00e8res<\/title>\n<meta name=\"description\" content=\"Explorez la gamme de columbariums, st\u00e8les et mobiliers que nous mettons \u00e0 votre disposition. Fabriqu\u00e9s \u00e0 partir de granits d&#039;exception, ces \u00e9l\u00e9ments constituent la base de vos espaces cin\u00e9raires permettant de donner vie \u00e0 un projet unique.\" \/>\n<meta name=\"robots\" content=\"index, follow, max-snippet:-1, max-image-preview:large, max-video-preview:-1\" \/>\n<link rel=\"canonical\" href=\"https:\/\/www.compagniedescimetieres.fr\/en\/catalogue\/\" \/>\n<meta property=\"og:locale\" content=\"en_GB\" \/>\n<meta property=\"og:type\" content=\"article\" \/>\n<meta property=\"og:title\" content=\"Catalogue - La Compagnie des Cimeti\u00e8res\" \/>\n<meta property=\"og:description\" content=\"Explorez la gamme de columbariums, st\u00e8les et mobiliers que nous mettons \u00e0 votre disposition. Fabriqu\u00e9s \u00e0 partir de granits d&#039;exception, ces \u00e9l\u00e9ments constituent la base de vos espaces cin\u00e9raires permettant de donner vie \u00e0 un projet unique.\" \/>\n<meta property=\"og:url\" content=\"https:\/\/www.compagniedescimetieres.fr\/en\/catalogue\/\" \/>\n<meta property=\"og:site_name\" content=\"La Compagnie des Cimeti\u00e8res\" \/>\n<meta property=\"article:modified_time\" content=\"2025-09-15T12:04:08+00:00\" \/>\n<meta property=\"og:image\" content=\"https:\/\/www.compagniedescimetieres.fr\/wp-content\/uploads\/2025\/09\/image05.webp\" \/>\n\t<meta property=\"og:image:width\" content=\"1043\" \/>\n\t<meta property=\"og:image:height\" content=\"1043\" \/>\n\t<meta property=\"og:image:type\" content=\"image\/jpeg\" \/>\n<meta name=\"twitter:card\" content=\"summary_large_image\" \/>\n<meta name=\"twitter:label1\" content=\"Estimated reading time\" \/>\n\t<meta name=\"twitter:data1\" content=\"19 minutes\" \/>\n<script type=\"application\/ld+json\" class=\"yoast-schema-graph\">{\"@context\":\"https:\\\/\\\/schema.org\",\"@graph\":[{\"@type\":\"WebPage\",\"@id\":\"https:\\\/\\\/www.compagniedescimetieres.fr\\\/catalogue\\\/\",\"url\":\"https:\\\/\\\/www.compagniedescimetieres.fr\\\/catalogue\\\/\",\"name\":\"Catalogue - La Compagnie des Cimeti\u00e8res\",\"isPartOf\":{\"@id\":\"https:\\\/\\\/www.compagniedescimetieres.fr\\\/#website\"},\"datePublished\":\"2025-09-11T13:12:16+00:00\",\"dateModified\":\"2025-09-15T12:04:08+00:00\",\"description\":\"Explorez la gamme de columbariums, st\u00e8les et mobiliers que nous mettons \u00e0 votre disposition. Fabriqu\u00e9s \u00e0 partir de granits d'exception, ces \u00e9l\u00e9ments constituent la base de vos espaces cin\u00e9raires permettant de donner vie \u00e0 un projet unique.\",\"breadcrumb\":{\"@id\":\"https:\\\/\\\/www.compagniedescimetieres.fr\\\/catalogue\\\/#breadcrumb\"},\"inLanguage\":\"en-GB\",\"potentialAction\":[{\"@type\":\"ReadAction\",\"target\":[\"https:\\\/\\\/www.compagniedescimetieres.fr\\\/catalogue\\\/\"]}]},{\"@type\":\"BreadcrumbList\",\"@id\":\"https:\\\/\\\/www.compagniedescimetieres.fr\\\/catalogue\\\/#breadcrumb\",\"itemListElement\":[{\"@type\":\"ListItem\",\"position\":1,\"name\":\"Accueil\",\"item\":\"https:\\\/\\\/www.compagniedescimetieres.fr\\\/\"},{\"@type\":\"ListItem\",\"position\":2,\"name\":\"Catalogue\"}]},{\"@type\":\"WebSite\",\"@id\":\"https:\\\/\\\/www.compagniedescimetieres.fr\\\/#website\",\"url\":\"https:\\\/\\\/www.compagniedescimetieres.fr\\\/\",\"name\":\"La Compagnie des Cimeti\u00e8res\",\"description\":\"\",\"publisher\":{\"@id\":\"https:\\\/\\\/www.compagniedescimetieres.fr\\\/#organization\"},\"potentialAction\":[{\"@type\":\"SearchAction\",\"target\":{\"@type\":\"EntryPoint\",\"urlTemplate\":\"https:\\\/\\\/www.compagniedescimetieres.fr\\\/?s={search_term_string}\"},\"query-input\":{\"@type\":\"PropertyValueSpecification\",\"valueRequired\":true,\"valueName\":\"search_term_string\"}}],\"inLanguage\":\"en-GB\"},{\"@type\":\"Organization\",\"@id\":\"https:\\\/\\\/www.compagniedescimetieres.fr\\\/#organization\",\"name\":\"La Compagnie des Cimeti\u00e8res\",\"url\":\"https:\\\/\\\/www.compagniedescimetieres.fr\\\/\",\"logo\":{\"@type\":\"ImageObject\",\"inLanguage\":\"en-GB\",\"@id\":\"https:\\\/\\\/www.compagniedescimetieres.fr\\\/#\\\/schema\\\/logo\\\/image\\\/\",\"url\":\"https:\\\/\\\/www.compagniedescimetieres.fr\\\/wp-content\\\/uploads\\\/2025\\\/09\\\/logo-black.svg\",\"contentUrl\":\"https:\\\/\\\/www.compagniedescimetieres.fr\\\/wp-content\\\/uploads\\\/2025\\\/09\\\/logo-black.svg\",\"caption\":\"La Compagnie des Cimeti\u00e8res\"},\"image\":{\"@id\":\"https:\\\/\\\/www.compagniedescimetieres.fr\\\/#\\\/schema\\\/logo\\\/image\\\/\"}}]}<\/script>\n<!-- \/ Yoast SEO plugin. -->","yoast_head_json":{"title":"Catalogue - La Compagnie des Cimeti\u00e8res","description":"Explore our range of columbaria, headstones and furniture. Made from exceptional Granites, these elements form the basis of your Cremation urns, giving life to a unique project.","robots":{"index":"index","follow":"follow","max-snippet":"max-snippet:-1","max-image-preview":"max-image-preview:large","max-video-preview":"max-video-preview:-1"},"canonical":"https:\/\/www.compagniedescimetieres.fr\/en\/catalogue\/","og_locale":"en_GB","og_type":"article","og_title":"Catalogue - La Compagnie des Cimeti\u00e8res","og_description":"Explorez la gamme de columbariums, st\u00e8les et mobiliers que nous mettons \u00e0 votre disposition. Fabriqu\u00e9s \u00e0 partir de granits d'exception, ces \u00e9l\u00e9ments constituent la base de vos espaces cin\u00e9raires permettant de donner vie \u00e0 un projet unique.","og_url":"https:\/\/www.compagniedescimetieres.fr\/en\/catalogue\/","og_site_name":"La Compagnie des Cimeti\u00e8res","article_modified_time":"2025-09-15T12:04:08+00:00","og_image":[{"width":1043,"height":1043,"url":"https:\/\/www.compagniedescimetieres.fr\/wp-content\/uploads\/2025\/09\/image05.webp","type":"image\/jpeg"}],"twitter_card":"summary_large_image","twitter_misc":{"Estimated reading time":"19 minutes"},"schema":{"@context":"https:\/\/schema.org","@graph":[{"@type":"WebPage","@id":"https:\/\/www.compagniedescimetieres.fr\/catalogue\/","url":"https:\/\/www.compagniedescimetieres.fr\/catalogue\/","name":"Catalogue - La Compagnie des Cimeti\u00e8res","isPartOf":{"@id":"https:\/\/www.compagniedescimetieres.fr\/#website"},"datePublished":"2025-09-11T13:12:16+00:00","dateModified":"2025-09-15T12:04:08+00:00","description":"Explore our range of columbaria, headstones and furniture. Made from exceptional Granites, these elements form the basis of your Cremation urns, giving life to a unique project.","breadcrumb":{"@id":"https:\/\/www.compagniedescimetieres.fr\/catalogue\/#breadcrumb"},"inLanguage":"en-GB","potentialAction":[{"@type":"ReadAction","target":["https:\/\/www.compagniedescimetieres.fr\/catalogue\/"]}]},{"@type":"BreadcrumbList","@id":"https:\/\/www.compagniedescimetieres.fr\/catalogue\/#breadcrumb","itemListElement":[{"@type":"ListItem","position":1,"name":"Accueil","item":"https:\/\/www.compagniedescimetieres.fr\/"},{"@type":"ListItem","position":2,"name":"Catalogue"}]},{"@type":"WebSite","@id":"https:\/\/www.compagniedescimetieres.fr\/#website","url":"https:\/\/www.compagniedescimetieres.fr\/","name":"The Cemetery Company","description":"","publisher":{"@id":"https:\/\/www.compagniedescimetieres.fr\/#organization"},"potentialAction":[{"@type":"SearchAction","target":{"@type":"EntryPoint","urlTemplate":"https:\/\/www.compagniedescimetieres.fr\/?s={search_term_string}"},"query-input":{"@type":"PropertyValueSpecification","valueRequired":true,"valueName":"search_term_string"}}],"inLanguage":"en-GB"},{"@type":"Organization","@id":"https:\/\/www.compagniedescimetieres.fr\/#organization","name":"The Cemetery Company","url":"https:\/\/www.compagniedescimetieres.fr\/","logo":{"@type":"ImageObject","inLanguage":"en-GB","@id":"https:\/\/www.compagniedescimetieres.fr\/#\/schema\/logo\/image\/","url":"https:\/\/www.compagniedescimetieres.fr\/wp-content\/uploads\/2025\/09\/logo-black.svg","contentUrl":"https:\/\/www.compagniedescimetieres.fr\/wp-content\/uploads\/2025\/09\/logo-black.svg","caption":"La Compagnie des Cimeti\u00e8res"},"image":{"@id":"https:\/\/www.compagniedescimetieres.fr\/#\/schema\/logo\/image\/"}}]}},"_links":{"self":[{"href":"https:\/\/www.compagniedescimetieres.fr\/en\/wp-json\/wp\/v2\/pages\/10","targetHints":{"allow":["GET"]}}],"collection":[{"href":"https:\/\/www.compagniedescimetieres.fr\/en\/wp-json\/wp\/v2\/pages"}],"about":[{"href":"https:\/\/www.compagniedescimetieres.fr\/en\/wp-json\/wp\/v2\/types\/page"}],"author":[{"embeddable":true,"href":"https:\/\/www.compagniedescimetieres.fr\/en\/wp-json\/wp\/v2\/users\/1"}],"replies":[{"embeddable":true,"href":"https:\/\/www.compagniedescimetieres.fr\/en\/wp-json\/wp\/v2\/comments?post=10"}],"version-history":[{"count":4,"href":"https:\/\/www.compagniedescimetieres.fr\/en\/wp-json\/wp\/v2\/pages\/10\/revisions"}],"predecessor-version":[{"id":444,"href":"https:\/\/www.compagniedescimetieres.fr\/en\/wp-json\/wp\/v2\/pages\/10\/revisions\/444"}],"wp:attachment":[{"href":"https:\/\/www.compagniedescimetieres.fr\/en\/wp-json\/wp\/v2\/media?parent=10"}],"curies":[{"name":"wp","href":"https:\/\/api.w.org\/{rel}","templated":true}]}}